{"id":21,"date":"2019-10-07T12:59:44","date_gmt":"2019-10-07T12:59:44","guid":{"rendered":"https:\/\/maresch-it.at\/?page_id=21"},"modified":"2020-01-04T17:05:18","modified_gmt":"2020-01-04T17:05:18","slug":"datenschutz","status":"publish","type":"page","link":"https:\/\/maresch-it.at\/?page_id=21","title":{"rendered":"Datenschutz"},"content":{"rendered":"<h5><span style=\"color: #000000;\"><strong>Datenschutzerkl\u00e4rung<\/strong><\/span><\/h5>\n<ol>\n<li>\n<h5><span style=\"color: #000000;\"><strong> Personenbezogene Daten<\/strong><\/span><\/h5>\n<\/li>\n<\/ol>\n<h5><span style=\"color: #000000;\">Diese Erkl\u00e4rung beschreibt, wie und unter welchen Voraussetzungen wir Ihre personenbezogenen Daten verarbeiten. Wir, erheben, verarbeiten und nutzen Ihre personenbezogenen Daten zu den Zwecken:<\/span><\/h5>\n<ol>\n<li>\n<h5><span style=\"color: #000000;\">zur Begr\u00fcndung, Verwaltung und Abwicklung unserer Gesch\u00e4ftsbeziehung (Vertragserf\u00fcllung, bzw. zur Abwicklung des vorvertraglichen Stadium);<\/span><\/h5>\n<\/li>\n<li>\n<h5><span style=\"color: #000000;\">zur Erf\u00fcllung gesetzlicher Pflichten (z.B. Verzollung);<\/span><\/h5>\n<\/li>\n<li>\n<h5><span style=\"color: #000000;\">zur St\u00e4rkung der bestehenden Kunden-, \u00a0Lieferantenbeziehung, und zum Aufbau einer neuen Kunden-, Lieferanten- und Mitarbeiterbeziehung, dem Herantreten an Interessenten, einschlie\u00dflich der Information \u00fcber unsere Dienstleistungsangebote mit Ihrer jederzeit widerrufbaren Einwilligung, somit zu Marketingzwecken (Zusendung von Informationsmaterial zu unseren Produkten\/Dienstleistungen und Veranstaltungen durch z.B. Newsletter, Post)<\/span><\/h5>\n<\/li>\n<\/ol>\n<h5><span style=\"color: #000000;\">dies unter Einhaltung der datenschutz- und zivilrechtlichen Bestimmungen gem. unseren AGB<\/span><\/h5>\n<ol start=\"2\">\n<li>\n<h5><span style=\"color: #000000;\"><strong> Auskunft und L\u00f6schung<\/strong><\/span><\/h5>\n<\/li>\n<\/ol>\n<h5><span style=\"color: #000000;\">Als Betroffener haben Sie \u2013 unbeschadet unserer allf. gesetzlicher Verschwiegenheitspflichten &#8211; jederzeit das Recht auf Auskunft \u00fcber Ihre von uns erhobenen und verarbeiteten personenbezogenen Daten, das Recht auf Berichtigung oder L\u00f6schung Ihrer Daten, Einschr\u00e4nkung der Verarbeitung Ihrer Daten, Daten\u00fcbertragbarkeit und Widerspruch gegen die Verarbeitung sie betreffender personenbezogener Daten. Bitte beachten Sie dazu insb. die Art 15-21 DSGVO. Bitte ggf. um Ihre Mitteilung samt Ihrer Identifikation. Sie haben auch die M\u00f6glichkeit, sich bei der zust\u00e4ndigen Aufsichtsbeh\u00f6rde zu beschweren. In \u00d6sterreich zust\u00e4ndig ist hierf\u00fcr die Datenschutzbeh\u00f6rde.<\/span><\/h5>\n<h5><span style=\"color: #000000;\">Bei \u00c4nderungen Ihrer pers\u00f6nlichen Daten, ersuchen wir um Ihre Mitteilung.<\/span><\/h5>\n<h5><span style=\"color: #000000;\">Sie haben jederzeit das Recht, eine allf\u00e4llig erteilte Einwilligung zur Nutzung Ihrer personenbezogenen Daten zu widerrufen. Das ist per E-Mail oder Post jederzeit m\u00f6glich. F\u00fcr den Fall von Vertragsleistungen, die ohne eine Zustimmung zur Datenverarbeitung (wie \u00dcbermittlung in einen Drittstaat bei Speditionsleistungen o\u00e4) nicht erbracht werden k\u00f6nnen, weisen wir darauf hin, dass ein Widerruf uU dazu f\u00fchrt, dass der Vertrag ohne unser Verschulden nicht mehr erf\u00fcllt werden kann.<\/span><\/h5>\n<ol start=\"3\">\n<li>\n<h5><span style=\"color: #000000;\"><strong> Datensicherheit<\/strong><\/span><\/h5>\n<\/li>\n<\/ol>\n<h5><span style=\"color: #000000;\">Zum Schutz Ihrer personenbezogenen Daten haben wird organisatorische und technische Vorkehrungen getroffen, um stets ein angemessenes Schutzniveau sicherzustellen. Diese Vorkehrungen betreffen u.a. den Schutz vor unerlaubtem, rechtswidrigem oder auch zuf\u00e4lligem Zugriff, Verarbeitung, Verlust, Verwendung und Manipulation. Es kann dennoch nicht ausgeschlossen werden, dass Informationen, die Sie uns \u00fcber das Internet bekannt geben, von anderen Personen eingesehen und genutzt werden. F\u00fcr \u00dcbermittlungen an uns ersuchen wir daher um entsprechende Vorkehrungen.<\/span><\/h5>\n<h5>Bitte beachten Sie, dass wir daher keine wie immer geartete Haftung f\u00fcr die Offenlegung von Informationen aufgrund nicht von uns verursachter Fehler bei der Daten\u00fcbertragung und\/oder unautorisiertem Zugriff durch Dritte \u00fcbernehmen (z.B. Einsicht Dritter in Email-Prozesse, Ger\u00e4teverlust o\u00e4).<\/h5>\n<ol start=\"4\">\n<li>\n<h5><strong> Verwendung der Daten<\/strong><\/h5>\n<\/li>\n<\/ol>\n<h5>Wir werden die uns zur Verf\u00fcgung gestellten Daten nicht f\u00fcr andere Zwecke als die durch den Vertrag oder durch Ihre Einwilligung oder sonst durch eine Bestimmung im Einklang mit der DSGVO gedeckten Zwecken verarbeiten.<\/h5>\n<ol start=\"5\">\n<li>\n<h5><strong> \u00dcbermittlung von Daten an Dritte<\/strong><\/h5>\n<\/li>\n<\/ol>\n<h5>Zur Erf\u00fcllung Ihres Auftrages bzw. des Vertrags ist es m\u00f6glicherweise auch erforderlich, Ihre Daten an Dritte (zB Dienstleister, Versicherungen,), Beh\u00f6rden oder Gerichte, weiterzuleiten. Wir \u00fcbermitteln Daten auch an unsere Auftragsverarbeiter, die im Rahmen unserer Weisungen t\u00e4tig werden. Eine Weiterleitung Ihrer Daten erfolgt auf Grundlage der DSGVO, insb. zur Erf\u00fcllung Ihres Auftrags oder aufgrund Ihrer vorherigen Einwilligung. Weiters informieren wir Sie dar\u00fcber, dass im Rahmen unserer Betreuung auch Informationen von Ihnen von dritten Stellen bezogen werden k\u00f6nnten.<\/h5>\n<h5>Manche der oben genannten Empf\u00e4nger Ihrer personenbezogenen Daten befinden sich au\u00dferhalb Ihres Landes oder verarbeiten dort Ihre personenbezogenen Daten. Das Datenschutzniveau in anderen L\u00e4ndern entspricht unter Umst\u00e4nden nicht dem \u00d6sterreichs. Wir \u00fcbermitteln Ihre personenbezogenen Daten in L\u00e4nder, f\u00fcr welche die EU-Kommission entschieden hat, dass sie \u00fcber ein angemessenes Datenschutzniveau verf\u00fcgen oder wir setzen Ma\u00dfnahmen, um zu gew\u00e4hrleisten, dass die \u00dcbermittlung DSGVO und DSG-konform erfolgt, wie Einholung Ihrer Zustimmung.<\/h5>\n<h5>Das Hosting der Website wird durch Fa. Digimagical GmbH, durchgef\u00fchrt.<\/h5>\n<ol start=\"7\">\n<li>\n<h5><strong> Aufbewahrung der Daten<\/strong><\/h5>\n<\/li>\n<\/ol>\n<h5>Wir werden Daten nicht l\u00e4nger speichern, als dies zur Erf\u00fcllung unserer vertraglichen bzw. gesetzlichen Verpflichtungen erforderlich ist.<\/h5>\n<h5>Wir speichern ihre personenbezogenen Daten nach Beendigung der Gesch\u00e4ftsbeziehung im Rahmen derer wir Ihre Daten erhoben haben, bis zum Ablauf der anwendbaren gesetzlichen Aufbewahrungsfristen. bzw. zur Abwehr allf\u00e4lliger Haftungsanspr\u00fcche w\u00e4hrend der anwendbaren Verj\u00e4hrungsfristen.<\/h5>\n<h5>Dar\u00fcber hinaus speichern wir Daten f\u00fcr Marketingzwecke bis zum Widerruf der Einwilligung bzw. Beendigung des Marketings.<\/h5>\n<ol start=\"8\">\n<li>\n<h5><strong> Webseite<\/strong><\/h5>\n<\/li>\n<\/ol>\n<h5>Wenn Sie das Kontaktformular auf der Webseite benutzen, werden die von Ihnen eingegebenen Daten per E-Mail an uns \u00fcbermittelt. Bitte beachten Sie, dass E-Mail keine sichere Kommunikationsm\u00f6glichkeit darstellt und E-Mails von Dritten ggf. zur Kenntnis genommen werden k\u00f6nnen, bzw. ver\u00e4ndert werden k\u00f6nnen. Sie k\u00f6nnen uns alternativ auch per Post oder telefonisch o\u00e4 kontaktieren.<\/h5>\n<h5><strong><u>Cookies<\/u><\/strong><\/h5>\n<h5>Um unser Angebot m\u00f6glichst nutzerfreundlich zu gestalten, verwenden wir so genannte Cookies auf unserer Website. Das sind kleine Textdateien, die Ihr Browser auf Ihr Endger\u00e4t ablegt. Wir verwenden Session Cookies zur technischen Bereitstellung der Site, sowie Cookies von Google Analytics (s. unten). Sie k\u00f6nnen Cookies auch im Browser deaktivieren.<\/h5>\n<h5><strong><u>Google Analytics<\/u><\/strong><\/h5>\n<h5>Aus unserem berechtigten Interessen, d. i. das Interesse Analyse und Anpassung und dem \u00f6konomischen Betrieb unserer Webseite gem. Art. 6 Abs. 1 lit. f. DSGVO setzen wir Google Analytics mit Anonymisierungsfunktion ein, womit die Aufrufe der Webseite analysiert und Berichte erstellt werden, wobei pseudonyme Daten verarbeitet werden k\u00f6nnen. Die Analyse wird durch Fa. Google LLC (\u201eGoogle\u201c), 1600 Amphitheatre Parkway, Mountain View, CA 94043, USA durchgef\u00fchrt. Google LLC ist zertifiziert gem. Privacy Shield Abkommen (siehe <a href=\"https:\/\/www.privacyshield.gov\/participant?id=a2zt000000001L5AAI&amp;amp;status=Active)\">www.privacyshield.gov\/participant<\/a>. Google Analytics verwendet Cookies. Die durch das Cookie erzeugten Informationen \u00fcber Benutzung des Onlineangebotes durch die Nutzer werden in der Regel an einen Server von Google in den USA \u00fcbertragen und dort gespeichert.<\/h5>\n<h5>Der Einsatz erfolgt mit unter Google Analytics aktivierter IP-Anonymisierung.\u00a0 Durch eine entsprechende Einstellung ihrer Browser-Software kann die Speicherung der Cookies auch verhindert werden. Auch ein Tool zum Opt-Out ist erh\u00e4ltlich (siehe <a href=\"http:\/\/tools.google.com\/dlpage\/gaoptout?hl=de\">http:\/\/tools.google.com\/dlpage\/gaoptout?hl=de<\/a>.)<\/h5>\n<h5>Die Datenschutzerkl\u00e4rung von Google zu Google Analytics ist unter dieser Adresse abrufbar: <a href=\"https:\/\/policies.google.com\/privacy\/update\">https:\/\/policies.google.com\/privacy\/update<\/a><\/h5>\n<h5>Allf. personenbezogenen Daten der Nutzer werden laut Google nach 14 Monaten gel\u00f6scht oder anonymisiert.<\/h5>\n<ol start=\"9\">\n<li>\n<h5><strong> Unsere Kontaktdaten<\/strong><\/h5>\n<\/li>\n<\/ol>\n<h5>Der Schutz Ihrer Daten ist uns besonders wichtig. Wir sind f\u00fcr Sie unter den unten angef\u00fchrten Kontaktdaten jederzeit f\u00fcr Ihre Fragen oder Ihren Widerruf erreichbar.<\/h5>\n","protected":false},"excerpt":{"rendered":"<p>Datenschutzerkl\u00e4rung Personenbezogene Daten Diese Erkl\u00e4rung beschreibt, wie und unter welchen Voraussetzungen wir Ihre personenbezogenen Daten verarbeiten. Wir, erheben, verarbeiten und nutzen Ihre personenbezogenen Daten zu den Zwecken: zur Begr\u00fcndung, Verwaltung und Abwicklung unserer Gesch\u00e4ftsbeziehung (Vertragserf\u00fcllung, bzw. zur Abwicklung des vorvertraglichen [&hellip;]<\/p>\n","protected":false},"author":1,"featured_media":0,"parent":0,"menu_order":0,"comment_status":"closed","ping_status":"closed","template":"","meta":{"footnotes":""},"class_list":["post-21","page","type-page","status-publish","hentry"],"yoast_head":"<!-- This site is optimized with the Yoast SEO plugin v26.8 - https:\/\/yoast.com\/product\/yoast-seo-wordpress\/ -->\n<title>Datenschutz - MARESCH<\/title>\n<meta name=\"robots\" content=\"index, follow, max-snippet:-1, max-image-preview:large, max-video-preview:-1\" \/>\n<link rel=\"canonical\" href=\"https:\/\/maresch-it.at\/?page_id=21\" \/>\n<meta property=\"og:locale\" content=\"de_DE\" \/>\n<meta property=\"og:type\" content=\"article\" \/>\n<meta property=\"og:title\" content=\"Datenschutz - MARESCH\" \/>\n<meta property=\"og:description\" content=\"Datenschutzerkl\u00e4rung Personenbezogene Daten Diese Erkl\u00e4rung beschreibt, wie und unter welchen Voraussetzungen wir Ihre personenbezogenen Daten verarbeiten. Wir, erheben, verarbeiten und nutzen Ihre personenbezogenen Daten zu den Zwecken: zur Begr\u00fcndung, Verwaltung und Abwicklung unserer Gesch\u00e4ftsbeziehung (Vertragserf\u00fcllung, bzw. zur Abwicklung des vorvertraglichen [&hellip;]\" \/>\n<meta property=\"og:url\" content=\"https:\/\/maresch-it.at\/?page_id=21\" \/>\n<meta property=\"og:site_name\" content=\"MARESCH\" \/>\n<meta property=\"article:modified_time\" content=\"2020-01-04T17:05:18+00:00\" \/>\n<meta name=\"twitter:card\" content=\"summary_large_image\" \/>\n<meta name=\"twitter:label1\" content=\"Gesch\u00e4tzte Lesezeit\" \/>\n\t<meta name=\"twitter:data1\" content=\"5\u00a0Minuten\" \/>\n<script type=\"application\/ld+json\" class=\"yoast-schema-graph\">{\"@context\":\"https:\/\/schema.org\",\"@graph\":[{\"@type\":\"WebPage\",\"@id\":\"https:\/\/maresch-it.at\/?page_id=21\",\"url\":\"https:\/\/maresch-it.at\/?page_id=21\",\"name\":\"Datenschutz - MARESCH\",\"isPartOf\":{\"@id\":\"https:\/\/maresch-it.at\/#website\"},\"datePublished\":\"2019-10-07T12:59:44+00:00\",\"dateModified\":\"2020-01-04T17:05:18+00:00\",\"breadcrumb\":{\"@id\":\"https:\/\/maresch-it.at\/?page_id=21#breadcrumb\"},\"inLanguage\":\"de\",\"potentialAction\":[{\"@type\":\"ReadAction\",\"target\":[\"https:\/\/maresch-it.at\/?page_id=21\"]}]},{\"@type\":\"BreadcrumbList\",\"@id\":\"https:\/\/maresch-it.at\/?page_id=21#breadcrumb\",\"itemListElement\":[{\"@type\":\"ListItem\",\"position\":1,\"name\":\"Home\",\"item\":\"https:\/\/maresch-it.at\/\"},{\"@type\":\"ListItem\",\"position\":2,\"name\":\"Datenschutz\"}]},{\"@type\":\"WebSite\",\"@id\":\"https:\/\/maresch-it.at\/#website\",\"url\":\"https:\/\/maresch-it.at\/\",\"name\":\"MARESCH_IT\",\"description\":\"IT-Dienstleistung &amp; Consulting\",\"publisher\":{\"@id\":\"https:\/\/maresch-it.at\/#organization\"},\"potentialAction\":[{\"@type\":\"SearchAction\",\"target\":{\"@type\":\"EntryPoint\",\"urlTemplate\":\"https:\/\/maresch-it.at\/?s={search_term_string}\"},\"query-input\":{\"@type\":\"PropertyValueSpecification\",\"valueRequired\":true,\"valueName\":\"search_term_string\"}}],\"inLanguage\":\"de\"},{\"@type\":\"Organization\",\"@id\":\"https:\/\/maresch-it.at\/#organization\",\"name\":\"Maresch IT-Dienstleistungen & Consulting\",\"url\":\"https:\/\/maresch-it.at\/\",\"logo\":{\"@type\":\"ImageObject\",\"inLanguage\":\"de\",\"@id\":\"https:\/\/maresch-it.at\/#\/schema\/logo\/image\/\",\"url\":\"https:\/\/maresch-it.at\/wp-content\/uploads\/2025\/01\/cropped-Logo-Maresch-IT-720.jpg\",\"contentUrl\":\"https:\/\/maresch-it.at\/wp-content\/uploads\/2025\/01\/cropped-Logo-Maresch-IT-720.jpg\",\"width\":596,\"height\":475,\"caption\":\"Maresch IT-Dienstleistungen & Consulting\"},\"image\":{\"@id\":\"https:\/\/maresch-it.at\/#\/schema\/logo\/image\/\"}}]}<\/script>\n<!-- \/ Yoast SEO plugin. -->","yoast_head_json":{"title":"Datenschutz - MARESCH","robots":{"index":"index","follow":"follow","max-snippet":"max-snippet:-1","max-image-preview":"max-image-preview:large","max-video-preview":"max-video-preview:-1"},"canonical":"https:\/\/maresch-it.at\/?page_id=21","og_locale":"de_DE","og_type":"article","og_title":"Datenschutz - MARESCH","og_description":"Datenschutzerkl\u00e4rung Personenbezogene Daten Diese Erkl\u00e4rung beschreibt, wie und unter welchen Voraussetzungen wir Ihre personenbezogenen Daten verarbeiten. Wir, erheben, verarbeiten und nutzen Ihre personenbezogenen Daten zu den Zwecken: zur Begr\u00fcndung, Verwaltung und Abwicklung unserer Gesch\u00e4ftsbeziehung (Vertragserf\u00fcllung, bzw. zur Abwicklung des vorvertraglichen [&hellip;]","og_url":"https:\/\/maresch-it.at\/?page_id=21","og_site_name":"MARESCH","article_modified_time":"2020-01-04T17:05:18+00:00","twitter_card":"summary_large_image","twitter_misc":{"Gesch\u00e4tzte Lesezeit":"5\u00a0Minuten"},"schema":{"@context":"https:\/\/schema.org","@graph":[{"@type":"WebPage","@id":"https:\/\/maresch-it.at\/?page_id=21","url":"https:\/\/maresch-it.at\/?page_id=21","name":"Datenschutz - MARESCH","isPartOf":{"@id":"https:\/\/maresch-it.at\/#website"},"datePublished":"2019-10-07T12:59:44+00:00","dateModified":"2020-01-04T17:05:18+00:00","breadcrumb":{"@id":"https:\/\/maresch-it.at\/?page_id=21#breadcrumb"},"inLanguage":"de","potentialAction":[{"@type":"ReadAction","target":["https:\/\/maresch-it.at\/?page_id=21"]}]},{"@type":"BreadcrumbList","@id":"https:\/\/maresch-it.at\/?page_id=21#breadcrumb","itemListElement":[{"@type":"ListItem","position":1,"name":"Home","item":"https:\/\/maresch-it.at\/"},{"@type":"ListItem","position":2,"name":"Datenschutz"}]},{"@type":"WebSite","@id":"https:\/\/maresch-it.at\/#website","url":"https:\/\/maresch-it.at\/","name":"MARESCH_IT","description":"IT-Dienstleistung &amp; Consulting","publisher":{"@id":"https:\/\/maresch-it.at\/#organization"},"potentialAction":[{"@type":"SearchAction","target":{"@type":"EntryPoint","urlTemplate":"https:\/\/maresch-it.at\/?s={search_term_string}"},"query-input":{"@type":"PropertyValueSpecification","valueRequired":true,"valueName":"search_term_string"}}],"inLanguage":"de"},{"@type":"Organization","@id":"https:\/\/maresch-it.at\/#organization","name":"Maresch IT-Dienstleistungen & Consulting","url":"https:\/\/maresch-it.at\/","logo":{"@type":"ImageObject","inLanguage":"de","@id":"https:\/\/maresch-it.at\/#\/schema\/logo\/image\/","url":"https:\/\/maresch-it.at\/wp-content\/uploads\/2025\/01\/cropped-Logo-Maresch-IT-720.jpg","contentUrl":"https:\/\/maresch-it.at\/wp-content\/uploads\/2025\/01\/cropped-Logo-Maresch-IT-720.jpg","width":596,"height":475,"caption":"Maresch IT-Dienstleistungen & Consulting"},"image":{"@id":"https:\/\/maresch-it.at\/#\/schema\/logo\/image\/"}}]}},"_links":{"self":[{"href":"https:\/\/maresch-it.at\/index.php?rest_route=\/wp\/v2\/pages\/21","targetHints":{"allow":["GET"]}}],"collection":[{"href":"https:\/\/maresch-it.at\/index.php?rest_route=\/wp\/v2\/pages"}],"about":[{"href":"https:\/\/maresch-it.at\/index.php?rest_route=\/wp\/v2\/types\/page"}],"author":[{"embeddable":true,"href":"https:\/\/maresch-it.at\/index.php?rest_route=\/wp\/v2\/users\/1"}],"replies":[{"embeddable":true,"href":"https:\/\/maresch-it.at\/index.php?rest_route=%2Fwp%2Fv2%2Fcomments&post=21"}],"version-history":[{"count":4,"href":"https:\/\/maresch-it.at\/index.php?rest_route=\/wp\/v2\/pages\/21\/revisions"}],"predecessor-version":[{"id":287,"href":"https:\/\/maresch-it.at\/index.php?rest_route=\/wp\/v2\/pages\/21\/revisions\/287"}],"wp:attachment":[{"href":"https:\/\/maresch-it.at\/index.php?rest_route=%2Fwp%2Fv2%2Fmedia&parent=21"}],"curies":[{"name":"wp","href":"https:\/\/api.w.org\/{rel}","templated":true}]}}