{"id":608,"date":"2020-07-09T11:51:17","date_gmt":"2020-07-09T11:51:17","guid":{"rendered":"https:\/\/maresch-it.at\/?page_id=608"},"modified":"2025-01-31T10:26:00","modified_gmt":"2025-01-31T10:26:00","slug":"fotoscanner","status":"publish","type":"page","link":"https:\/\/maresch-it.at\/?page_id=608","title":{"rendered":"Fotoscanner"},"content":{"rendered":"<h4 style=\"text-align: center;\"><\/h4>\n<h4 style=\"text-align: center;\">Ihre Fotos sollten nicht in irgendwelchen verstauben. Sie wollen ihre Fotos mit Freunden, Bekannten, der Familie teilen oder digitale Fotob\u00fccher erstellen.<\/h4>\n<hr \/>\n<p>Es stellt sich allerdings die Fragen, soll ich Bilder digitalisieren lassen oder selbst scannen?<\/p>\n<p>Diese Entscheidung m\u00fcssen Sie treffen. Allerdings wollen wir Ihnen nachstehend die Vorteile und Nachteile der L\u00f6sungen auflisten.<\/p>\n<ol>\n<li>\n<h5><strong>externes digitalisieren:<\/strong><\/h5>\n<\/li>\n<\/ol>\n<p>Wenn Sie ihre Bilder bei einem Dienstleister digitalisieren lassen, stellt sich nat\u00fcrlich die Frage:<\/p>\n<ul>\n<li>In welcher Struktur bekomme ich die Bilder wieder<\/li>\n<li>Kann ich Sie danach einfach zuordnen<\/li>\n<li>Wer sieht meine Bilder<\/li>\n<li>Besitze ich Bilder die meine Privatsph\u00e4re betreffen<\/li>\n<li>Will ich meine Bilder eigentlich aus der Hand geben<\/li>\n<li>Was geschieht wenn die Bilder am Versandweg verloren gehen<\/li>\n<\/ul>\n<ol start=\"2\">\n<li>\n<h5><strong>selbst digitalisieren:<\/strong><\/h5>\n<\/li>\n<\/ol>\n<p>Bilder mit den privat vorhandenen Ger\u00e4tschaften selbst zu scannen ist mit viel Aufwand und einem geh\u00f6rigen Ma\u00df an technischen Voraussetzungen verbunden. Weiter sind folgende Fragen zu kl\u00e4ren:<\/p>\n<ul>\n<li>Welchen Fotoscanner kaufe ich mir<\/li>\n<li>Habe ich die Zeit, meine Bilder in unz\u00e4hligen Stunden selbst zu digitalisieren und nachzubearbeiten.<\/li>\n<li>Bin ich bereit die Anschaffungskosten f\u00fcr einen professionellen Scanner zu tragen.<\/li>\n<li>Wie schaut ein Kostenvergleich \u2013 extern digitalisieren \u2013 selbst digitalisieren aus.<\/li>\n<li>Was mache ich mit einem Ger\u00e4t f\u00fcr mehrere hundert Euro, wenn ich meine Bilder aller digitalisiert habe.<\/li>\n<\/ul>\n<hr \/>\n<h5><strong>Unsere L\u00f6sung f\u00fcr Sie:<br \/>\n<\/strong>Mieten Sie sich einen professionellen Fotoscanner!<\/h5>\n<p>Das Digitalisieren Ihrer Fotos muss nicht schwierig oder zeitaufwendig sein \u2013 unser Wi-Fi-Scanner mit automatischem Einzug kann bis zu 30 Fotos in 30 Sekunden scannen. Mit automatisierten Funktionen werden Ihre Fotos im Nu optimiert und k\u00f6nnen mit nur wenigen Klicks geteilt werden.<\/p>\n<h5><strong>Scannen<\/strong><\/h5>\n<p>Das manuelle Positionieren und Scannen von gedruckten Fotos kann viel Zeit in Anspruch nehmen und bei Hunderten von Fotos zu einer kaum zu bew\u00e4ltigenden Aufgabe werden. Dank seines automatischen Einzugs bietet dieser Scanner eine L\u00f6sung zum Erfassen von bis zu 30 Fotos in 30\u00a0Sekunden.<\/p>\n<p>Scannen Sie Standardfotos, quadratische Fotos, Panoramafotos und Sofortbilder in den Ma\u00dfen 9\u00a0\u00d7\u00a013\u00a0cm bis 21\u00a0\u00d7\u00a091\u00a0cm (Panorama).<\/p>\n<p>Auch die R\u00fcckseite eines Fotos wird automatisch gescannt, wenn dort handschriftliche Hinweise erkannt werden<\/p>\n<p>Archivieren Sie verschiedene ein- oder beidseitig bedruckte Dokumente mit 45 Seiten pro Minute, vertikal bis DIN A4, zum Beispiel Panoramafotos aus der Schulzeit, Kinderzeichnungen, Zeitungsausschnitte oder Ihre Haushaltsf\u00fchrung.<\/p>\n<h5><strong>Optimieren<\/strong><\/h5>\n<p>Sie haben zwar auch die M\u00f6glichkeit der manuellen Bearbeitung von Fotos, es gibt aber eine Reihe von beeindruckenden, automatischen Funktionen, die Ihre Fotos schnell optimieren und bereit zum Teilen machen.<\/p>\n<h4><strong>ALLE VORTEILE DES EPSON FASTFOTO FF-680W AUF EINEN BLICK<\/strong><\/h4>\n<ul>\n<li>Scannen, bearbeiten und teilen Sie Ihre Fotos mit nur wenigen Klicks \u2013 dank dieses einfach zu bedienenden WLAN Fotoscanners mit automatischem Schnelleinzug.<\/li>\n<li>Auch die R\u00fcckseite eines Fotos wird automatisch gescannt, wenn dort handschriftliche Notizen erkannt werden.<\/li>\n<li>Der Epson Fotoscanner kann bis zu 30 Fotos in 30 Sekunden scannen. Scannen Sie Standardfotos, quadratische Fotos, Panoramafotos und Sofortbilder in den Gr\u00f6\u00dfen 9 \u00d7 13 cm bis 21 \u00d7 91 cm.<\/li>\n<li>Einfache Stapelverarbeitung von Fotos: Dazu geh\u00f6ren das Zuschneiden, Drehen, Wiederherstellen von Farben in verblassten Fotos und das Optimieren von Helligkeit, Kontrast und Farbe, Reduzierung des Rote-Augen-Effekts sowie die Schr\u00e4glagenkorrektur.<\/li>\n<li>Dateigr\u00f6\u00dfen je nach Verwendungszweck: Erstellt JPEGs zum Teilen oder gro\u00dfe TIFFs f\u00fcr optimale Bildqualit\u00e4t<\/li>\n<li>Teilen Sie Ihre Fotos \u2013 ganz einfach online: Automatisches Hochladen auf Dropbox und Google Drive<\/li>\n<\/ul>\n<hr \/>\n<h4><strong>Vergleich extern \u2013 oder selbst digitalisieren<\/strong><\/h4>\n<h5>\u00b7\u00a0\u00a0\u00a0\u00a0\u00a0\u00a0\u00a0\u00a0 <strong>Externes digitalisieren<\/strong><\/h5>\n<ul>\n<li>Viele Dienstleister liefern hohe Qualit\u00e4t \u2013 besser geht es mit eigenen Scannern kaum, au\u00dfer man beschafft sich ein hochwertiges Ger\u00e4t.<\/li>\n<li>Die Preise pro Bild unterscheiden sich je nach Unternehmen deutlich; sie h\u00e4ngen auch von der gew\u00fcnschten Aufl\u00f6sung, von der Menge der Scans und von den Papiergr\u00f6\u00dfen ab.<\/li>\n<li>Meist liegt der Preis pro Bild zwischen 15 und 50 Cent, die g\u00fcnstigsten Angebote gibt es ab acht Cent.<\/li>\n<li>Versand, Versicherung und Datentr\u00e4ger kosten zus\u00e4tzlich.<\/li>\n<li>In der Regel warten Sie mindestens eine Woche auf die Ergebnisse.<\/li>\n<li>Dazu kommen noch alle Themen des Datenschutzes und der Umstand, dass Sie ihre Fotos \u201eaus der Hand geben\u201c m\u00fcssen.<\/li>\n<li>Die meisten Anbieter bem\u00fchen sich um viel Service, der allerdings teils extra kostet.<\/li>\n<\/ul>\n<h5>\u00b7\u00a0\u00a0\u00a0\u00a0\u00a0\u00a0\u00a0\u00a0 <strong>selbst digitalisieren mit unseren Mietger\u00e4ten<\/strong><\/h5>\n<ul>\n<li>Hohe Qualit\u00e4t \u2013 durch unsere professionellen Fotoscanner.<\/li>\n<li>Keine Preise pro Bild, sondern einfach kalkulierbare Mietpreise auf 5 Tage &#8211; oder Wochenbasis.<\/li>\n<li>Wenn es gew\u00fcnscht wird unterst\u00fctzen wir Sie zu fairen Preisen bei der Installation oder der Bedienung des Ger\u00e4tes mittels Fernwartungszugang.<\/li>\n<\/ul>\n<h4><strong>Um ihnen die Entscheidung zu erleichtern anbei ein kleiner Kostenvergleich:<\/strong><\/h4>\n<table style=\"height: 416px;\" width=\"880\">\n<tbody>\n<tr>\n<td width=\"85\">Bearbeitung durch<\/td>\n<td width=\"85\">Anzahl der Bilder<\/td>\n<td width=\"104\">Kosten pro Bild<\/td>\n<td width=\"104\">Gesamtkosten Digitalisierung<\/td>\n<td width=\"104\">Sonstige Kosten<\/td>\n<\/tr>\n<tr>\n<td width=\"85\">extern<\/td>\n<td width=\"85\">500<\/td>\n<td width=\"104\">\u20ac 0,24 \u2013 \u20ac 0,49<\/td>\n<td width=\"104\">\u20ac 120 &#8211; \u20ac 245<\/td>\n<td width=\"104\">pro Anbieter unterschiedlich<\/td>\n<\/tr>\n<tr>\n<td width=\"85\">mit unserem Scanner<\/td>\n<td width=\"85\">500<\/td>\n<td width=\"104\">\u20ac 0,119 &#8211; \u20ac 0,179<\/td>\n<td width=\"104\">\u20ac 59,99 &#8211; \u20ac 89,99<\/td>\n<td width=\"104\">keine<\/td>\n<\/tr>\n<tr>\n<td width=\"85\">extern<\/td>\n<td width=\"85\">1000<\/td>\n<td width=\"104\">\u20ac 0,24 \u2013 \u20ac 0,49<\/td>\n<td width=\"104\">\u20ac 240 &#8211; \u20ac 490<\/td>\n<td width=\"104\">pro Anbieter unterschiedlich<\/td>\n<\/tr>\n<tr>\n<td width=\"85\">mit unserem Scanner<\/td>\n<td width=\"85\">1000<\/td>\n<td width=\"104\">\u20ac 0,059 &#8211; \u20ac 0,089<\/td>\n<td width=\"104\">\u20ac 59,99 &#8211; \u20ac 89,99<\/td>\n<td width=\"104\">keine<\/td>\n<\/tr>\n<\/tbody>\n<\/table>\n<p>&nbsp;<\/p>\n<hr \/>\n<h4><strong>EPSON Fotoscanner mieten<\/strong><strong>\u00a0\u00a0\u00a0\u00a0\u00a0\u00a0 <\/strong><\/h4>\n<ul>\n<li>Scan-Geschwindigkeit: 60\u00a0Bilder\/Min\u00a0(10&#215;15 cm bei\u00a0300 dpi)<\/li>\n<li>\u200bKompatible Betriebssysteme\u200b: Mac und Windows<\/li>\n<li>Scanbereich:\u00a021,6 cm x 91,0 cm<\/li>\n<li>Konnektivit\u00e4t:\u00a0USB 3.0, Wireless LAN\u00a0(WiFi 4)<\/li>\n<li>Papierfachkapazit\u00e4t:\u00a0100 Blatt, 36 Seiten Fotopapier<\/li>\n<li>Ausgabeformate:\u00a0JPEG, TIFF, PDF, Scannen zu durchsuchbare PDF, PDF\/A\u200b<\/li>\n<li>Duplex Scan: J\u200ba<\/li>\n<li>Bildoptimierung:\u00a0Fotoretusche, Schr\u00e4glagenkorrektur, Staub- und Kratzerentfernung, Entfernung von roten Augen<\/li>\n<li>Farbtiefe:\u00a0Ausgang: 24 Bits Farbe<\/li>\n<li>Optische Aufl\u00f6sung: 1200 dpi\u200b<\/li>\n<\/ul>\n<h4><img fetchpriority=\"high\" decoding=\"async\" class=\"alignnone size-medium wp-image-609\" src=\"https:\/\/maresch-it.at\/wp-content\/uploads\/2020\/07\/Epson-Fotoscanner-300x270.jpg\" alt=\"\" width=\"300\" height=\"270\" srcset=\"https:\/\/maresch-it.at\/wp-content\/uploads\/2020\/07\/Epson-Fotoscanner-300x270.jpg 300w, https:\/\/maresch-it.at\/wp-content\/uploads\/2020\/07\/Epson-Fotoscanner-411x370.jpg 411w, https:\/\/maresch-it.at\/wp-content\/uploads\/2020\/07\/Epson-Fotoscanner.jpg 506w\" sizes=\"(max-width: 300px) 100vw, 300px\" \/><\/h4>\n<h4><strong>Miete \u00fcber ein Wochenende:<\/strong><\/h4>\n<p><strong>\u00a0<\/strong>FOTOSCANNER MIETEN Wochenende (Fr-SO), Epson Fastfoto FF-680W, f\u00fcr Mac und Windows &gt;\u00a0\u00a0\u20ac 64,90\u00a0 \u00a0 excl. MWST<\/p>\n<h4><strong>\u00a0<\/strong><strong>Miete f\u00fcr eine gesamte Woche:<\/strong><\/h4>\n<p>FOTOSCANNER MIETEN 1 Woche (MO-SO), Epson Fastfoto FF-680W, f\u00fcr Mac und Windows &gt; \u20ac 94,90\u00a0 \u00a0 \u00a0excl. MWST<\/p>\n<p>&nbsp;<\/p>\n<p>&nbsp;<\/p>\n<hr \/>\n<h4><strong>WICHTIGE HINWEISE ZUM MIETANGEBOT:<\/strong><\/h4>\n<p>Die Miete beginnt am Tag der Abholung des Ger\u00e4tes, unabh\u00e4ngig der Tageszeit der Abholung. Bei Bedarf k\u00f6nnen Sie den Mietzeitraum flexibel verl\u00e4ngern. Eine Verl\u00e4ngerung bedarf einer vorherigen Zustimmung nach erfolgter Verf\u00fcgbarkeitspr\u00fcfung und wird nachtr\u00e4glich berechnet.<\/p>\n<p>Gerne k\u00f6nnen Sie bei uns vorab die Verf\u00fcgbarkeit f\u00fcr Ihren Wunschtermin erfragen oder uns per E-Mail oder telefonisch Ihren Wunschtermin mitteilen. Die Zusage, sowie den genauen Termin der Abholung und der R\u00fcckgabe, erfolgt ebenfalls per Mail oder Telefon. Vereinbarte Abholzeiten und R\u00fcckgabezeiten sind verbindlich einzuhalten, da sonst Mehrkosten anfallen.<\/p>\n<p>W\u00e4hrend des Mietzeitraums ist der Mieter f\u00fcr das gemietete Ger\u00e4t verantwortlich und haftet auch f\u00fcr Sch\u00e4den.<\/p>\n<h4><strong>Abholung und R\u00fcckgabe: <\/strong><\/h4>\n<p>Ausschlie\u00dflich am Firmenstandort nach vorheriger Terminvereinbarung.<\/p>\n<h4><strong>Hygiene:<\/strong><\/h4>\n<p>S\u00e4mtliche Ger\u00e4te werden nicht nur in Zeiten von Convid, vor jeder Vermietung und nach jeder R\u00fccknahme einem Hygieneservice zugef\u00fchrt. Damit k\u00f6nnen sie sich darauf verlassen ein desinfiziertes und gereinigtes Ger\u00e4t zu \u00fcbernehmen.<\/p>\n<h4><strong>Achtung:<\/strong><\/h4>\n<p>Um das Arbeiten und die Bedienung effizient zu gestalten, lesen Sie bitte bevor Sie mit dem Scannen beginnen die Bedienungsanleitung des Fotoscanners sorgf\u00e4ltig durch. Hier ist jeder einzelne Schritt erkl\u00e4rt und erleichtert ihnen die Bedienung der Komponenten.<\/p>\n<p>Klicken Sie auf den nachfolgenden Link, um sich die Bedienungsanleitung des EPSON FASTFOTO FF-680W \u200b anzusehen bzw. herunterzuladen:<\/p>\n<p><a href=\"https:\/\/download.epson-europe.com\/pub\/download\/6320\/epson632048eu.pdf\"><strong>Bedienungsanleitung: EPSON FASTFOTO FF-680W\u200b<\/strong><\/a><\/p>\n<hr \/>\n<h4><strong>Fragen und Antworten:<\/strong><\/h4>\n<h4><strong>Welches Dateiformat brauche ich beim Bilder scannen?<\/strong><\/h4>\n<p>Das g\u00e4ngigste Dateiformat f\u00fcr Bilder ist JPG oder auch JPEG. Dieses Format bieten alle Scanner an. F\u00fcr eine professionelle Bildbearbeitung sollten Sie Ihre digitalisierten Bilder als TIFF-Datei ausgeben lassen. \u00a0Dieses Format enth\u00e4lt deutlich mehr Bildinformationen, ben\u00f6tigt aber auch mehr Speicherplatz.<\/p>\n<h4><strong>Scanner<\/strong><\/h4>\n<p><strong>Einsteiger Foto-Scanner<br \/>\n<\/strong>Meistens wird ein vorhandener Flachbettscanner verwendet. Diese bed\u00fcrfen jedoch einen extrem hohen Aufwand zum Einscannen und ausrichten der Bilder. Weiter m\u00fcssen die Bilder meist manuell nachbearbeitet werden und es kann nicht doppelseitig gescannt werden.<\/p>\n<p><strong>Bessere Mittelklasse Fotoscanner<br \/>\n<\/strong>Wer etwas mehr ausgeben will, kann auch einen Scanner in Erw\u00e4gung ziehen, mit dem neben entwickelten Fotos auch alte Negative und Dias werden k\u00f6nnen.<\/p>\n<p><strong>Profi Fotoscanner<br \/>\n<\/strong>Sie m\u00f6chten sehr viele Bilder scannen oder ein m\u00f6glichst gutes Scan-Ergebnis erreichen und sind bereit auch etwas mehr Geld daf\u00fcr auszugeben? Einige Scanner wurden speziell f\u00fcr das Scannen von Foto-Stapeln mit hoher Geschwindigkeit und guter Qualit\u00e4t entwickelt. Der Epson FastFoto FF-680W ist einer der schnellsten Fotoscanner auf dem Markt sein und digitalisiert Stapel mit 36 Fotos in nur einer Sekunde. Es ist zudem kabellos, sodass du direkt in Cloud-Diensten wie Google Drive und Dropbox speichern k\u00f6nnen.<\/p>\n<h4><strong>Welche Systemvoraussetzungen am Computer ben\u00f6tige ich, um Fotos zu scannen?<\/strong><\/h4>\n<ul>\n<li>CPU: Intel\u00ae Core\u2122 i5 2,1\u00a0GHz oder h\u00f6her<\/li>\n<li>RAM: 4 GB oder mehr<\/li>\n<li>freier Festplattenspeicher: 5 GB oder mehr<\/li>\n<li>Kompatible Betriebssysteme: Mac OS X 10.11.x, Mac OS X 10.12.x, Windows 10, Windows 7, Windows 7, 64-Bit-Version, Windows 8 (32\/64 Bit)<\/li>\n<\/ul>\n<p>&nbsp;<\/p>\n<p>&nbsp;<\/p>\n<p>&nbsp;<\/p>\n<p>&nbsp;<\/p>\n","protected":false},"excerpt":{"rendered":"<p>Ihre Fotos sollten nicht in irgendwelchen verstauben. Sie wollen ihre Fotos mit Freunden, Bekannten, der Familie teilen oder digitale Fotob\u00fccher erstellen. Es stellt sich allerdings die Fragen, soll ich Bilder digitalisieren lassen oder selbst scannen? Diese Entscheidung m\u00fcssen Sie treffen. [&hellip;]<\/p>\n","protected":false},"author":1,"featured_media":0,"parent":17,"menu_order":0,"comment_status":"closed","ping_status":"closed","template":"","meta":{"footnotes":""},"class_list":["post-608","page","type-page","status-publish","hentry"],"yoast_head":"<!-- This site is optimized with the Yoast SEO plugin v26.8 - https:\/\/yoast.com\/product\/yoast-seo-wordpress\/ -->\n<title>Fotoscanner - MARESCH<\/title>\n<meta name=\"robots\" content=\"index, follow, max-snippet:-1, max-image-preview:large, max-video-preview:-1\" \/>\n<link rel=\"canonical\" href=\"https:\/\/maresch-it.at\/?page_id=608\" \/>\n<meta property=\"og:locale\" content=\"de_DE\" \/>\n<meta property=\"og:type\" content=\"article\" \/>\n<meta property=\"og:title\" content=\"Fotoscanner - MARESCH\" \/>\n<meta property=\"og:description\" content=\"Ihre Fotos sollten nicht in irgendwelchen verstauben. Sie wollen ihre Fotos mit Freunden, Bekannten, der Familie teilen oder digitale Fotob\u00fccher erstellen. Es stellt sich allerdings die Fragen, soll ich Bilder digitalisieren lassen oder selbst scannen? Diese Entscheidung m\u00fcssen Sie treffen. [&hellip;]\" \/>\n<meta property=\"og:url\" content=\"https:\/\/maresch-it.at\/?page_id=608\" \/>\n<meta property=\"og:site_name\" content=\"MARESCH\" \/>\n<meta property=\"article:modified_time\" content=\"2025-01-31T10:26:00+00:00\" \/>\n<meta property=\"og:image\" content=\"https:\/\/maresch-it.at\/wp-content\/uploads\/2020\/07\/Epson-Fotoscanner.jpg\" \/>\n\t<meta property=\"og:image:width\" content=\"506\" \/>\n\t<meta property=\"og:image:height\" content=\"456\" \/>\n\t<meta property=\"og:image:type\" content=\"image\/jpeg\" \/>\n<meta name=\"twitter:card\" content=\"summary_large_image\" \/>\n<meta name=\"twitter:label1\" content=\"Gesch\u00e4tzte Lesezeit\" \/>\n\t<meta name=\"twitter:data1\" content=\"8\u00a0Minuten\" \/>\n<script type=\"application\/ld+json\" class=\"yoast-schema-graph\">{\"@context\":\"https:\/\/schema.org\",\"@graph\":[{\"@type\":\"WebPage\",\"@id\":\"https:\/\/maresch-it.at\/?page_id=608\",\"url\":\"https:\/\/maresch-it.at\/?page_id=608\",\"name\":\"Fotoscanner - MARESCH\",\"isPartOf\":{\"@id\":\"https:\/\/maresch-it.at\/#website\"},\"primaryImageOfPage\":{\"@id\":\"https:\/\/maresch-it.at\/?page_id=608#primaryimage\"},\"image\":{\"@id\":\"https:\/\/maresch-it.at\/?page_id=608#primaryimage\"},\"thumbnailUrl\":\"https:\/\/maresch-it.at\/wp-content\/uploads\/2020\/07\/Epson-Fotoscanner-300x270.jpg\",\"datePublished\":\"2020-07-09T11:51:17+00:00\",\"dateModified\":\"2025-01-31T10:26:00+00:00\",\"breadcrumb\":{\"@id\":\"https:\/\/maresch-it.at\/?page_id=608#breadcrumb\"},\"inLanguage\":\"de\",\"potentialAction\":[{\"@type\":\"ReadAction\",\"target\":[\"https:\/\/maresch-it.at\/?page_id=608\"]}]},{\"@type\":\"ImageObject\",\"inLanguage\":\"de\",\"@id\":\"https:\/\/maresch-it.at\/?page_id=608#primaryimage\",\"url\":\"https:\/\/maresch-it.at\/wp-content\/uploads\/2020\/07\/Epson-Fotoscanner.jpg\",\"contentUrl\":\"https:\/\/maresch-it.at\/wp-content\/uploads\/2020\/07\/Epson-Fotoscanner.jpg\",\"width\":506,\"height\":456},{\"@type\":\"BreadcrumbList\",\"@id\":\"https:\/\/maresch-it.at\/?page_id=608#breadcrumb\",\"itemListElement\":[{\"@type\":\"ListItem\",\"position\":1,\"name\":\"Home\",\"item\":\"https:\/\/maresch-it.at\/\"},{\"@type\":\"ListItem\",\"position\":2,\"name\":\"Leistungen\",\"item\":\"https:\/\/maresch-it.at\/?page_id=17\"},{\"@type\":\"ListItem\",\"position\":3,\"name\":\"Fotoscanner\"}]},{\"@type\":\"WebSite\",\"@id\":\"https:\/\/maresch-it.at\/#website\",\"url\":\"https:\/\/maresch-it.at\/\",\"name\":\"MARESCH_IT\",\"description\":\"IT-Dienstleistung &amp; Consulting\",\"publisher\":{\"@id\":\"https:\/\/maresch-it.at\/#organization\"},\"potentialAction\":[{\"@type\":\"SearchAction\",\"target\":{\"@type\":\"EntryPoint\",\"urlTemplate\":\"https:\/\/maresch-it.at\/?s={search_term_string}\"},\"query-input\":{\"@type\":\"PropertyValueSpecification\",\"valueRequired\":true,\"valueName\":\"search_term_string\"}}],\"inLanguage\":\"de\"},{\"@type\":\"Organization\",\"@id\":\"https:\/\/maresch-it.at\/#organization\",\"name\":\"Maresch IT-Dienstleistungen & Consulting\",\"url\":\"https:\/\/maresch-it.at\/\",\"logo\":{\"@type\":\"ImageObject\",\"inLanguage\":\"de\",\"@id\":\"https:\/\/maresch-it.at\/#\/schema\/logo\/image\/\",\"url\":\"https:\/\/maresch-it.at\/wp-content\/uploads\/2025\/01\/cropped-Logo-Maresch-IT-720.jpg\",\"contentUrl\":\"https:\/\/maresch-it.at\/wp-content\/uploads\/2025\/01\/cropped-Logo-Maresch-IT-720.jpg\",\"width\":596,\"height\":475,\"caption\":\"Maresch IT-Dienstleistungen & Consulting\"},\"image\":{\"@id\":\"https:\/\/maresch-it.at\/#\/schema\/logo\/image\/\"}}]}<\/script>\n<!-- \/ Yoast SEO plugin. -->","yoast_head_json":{"title":"Fotoscanner - MARESCH","robots":{"index":"index","follow":"follow","max-snippet":"max-snippet:-1","max-image-preview":"max-image-preview:large","max-video-preview":"max-video-preview:-1"},"canonical":"https:\/\/maresch-it.at\/?page_id=608","og_locale":"de_DE","og_type":"article","og_title":"Fotoscanner - MARESCH","og_description":"Ihre Fotos sollten nicht in irgendwelchen verstauben. Sie wollen ihre Fotos mit Freunden, Bekannten, der Familie teilen oder digitale Fotob\u00fccher erstellen. Es stellt sich allerdings die Fragen, soll ich Bilder digitalisieren lassen oder selbst scannen? Diese Entscheidung m\u00fcssen Sie treffen. [&hellip;]","og_url":"https:\/\/maresch-it.at\/?page_id=608","og_site_name":"MARESCH","article_modified_time":"2025-01-31T10:26:00+00:00","og_image":[{"width":506,"height":456,"url":"https:\/\/maresch-it.at\/wp-content\/uploads\/2020\/07\/Epson-Fotoscanner.jpg","type":"image\/jpeg"}],"twitter_card":"summary_large_image","twitter_misc":{"Gesch\u00e4tzte Lesezeit":"8\u00a0Minuten"},"schema":{"@context":"https:\/\/schema.org","@graph":[{"@type":"WebPage","@id":"https:\/\/maresch-it.at\/?page_id=608","url":"https:\/\/maresch-it.at\/?page_id=608","name":"Fotoscanner - MARESCH","isPartOf":{"@id":"https:\/\/maresch-it.at\/#website"},"primaryImageOfPage":{"@id":"https:\/\/maresch-it.at\/?page_id=608#primaryimage"},"image":{"@id":"https:\/\/maresch-it.at\/?page_id=608#primaryimage"},"thumbnailUrl":"https:\/\/maresch-it.at\/wp-content\/uploads\/2020\/07\/Epson-Fotoscanner-300x270.jpg","datePublished":"2020-07-09T11:51:17+00:00","dateModified":"2025-01-31T10:26:00+00:00","breadcrumb":{"@id":"https:\/\/maresch-it.at\/?page_id=608#breadcrumb"},"inLanguage":"de","potentialAction":[{"@type":"ReadAction","target":["https:\/\/maresch-it.at\/?page_id=608"]}]},{"@type":"ImageObject","inLanguage":"de","@id":"https:\/\/maresch-it.at\/?page_id=608#primaryimage","url":"https:\/\/maresch-it.at\/wp-content\/uploads\/2020\/07\/Epson-Fotoscanner.jpg","contentUrl":"https:\/\/maresch-it.at\/wp-content\/uploads\/2020\/07\/Epson-Fotoscanner.jpg","width":506,"height":456},{"@type":"BreadcrumbList","@id":"https:\/\/maresch-it.at\/?page_id=608#breadcrumb","itemListElement":[{"@type":"ListItem","position":1,"name":"Home","item":"https:\/\/maresch-it.at\/"},{"@type":"ListItem","position":2,"name":"Leistungen","item":"https:\/\/maresch-it.at\/?page_id=17"},{"@type":"ListItem","position":3,"name":"Fotoscanner"}]},{"@type":"WebSite","@id":"https:\/\/maresch-it.at\/#website","url":"https:\/\/maresch-it.at\/","name":"MARESCH_IT","description":"IT-Dienstleistung &amp; Consulting","publisher":{"@id":"https:\/\/maresch-it.at\/#organization"},"potentialAction":[{"@type":"SearchAction","target":{"@type":"EntryPoint","urlTemplate":"https:\/\/maresch-it.at\/?s={search_term_string}"},"query-input":{"@type":"PropertyValueSpecification","valueRequired":true,"valueName":"search_term_string"}}],"inLanguage":"de"},{"@type":"Organization","@id":"https:\/\/maresch-it.at\/#organization","name":"Maresch IT-Dienstleistungen & Consulting","url":"https:\/\/maresch-it.at\/","logo":{"@type":"ImageObject","inLanguage":"de","@id":"https:\/\/maresch-it.at\/#\/schema\/logo\/image\/","url":"https:\/\/maresch-it.at\/wp-content\/uploads\/2025\/01\/cropped-Logo-Maresch-IT-720.jpg","contentUrl":"https:\/\/maresch-it.at\/wp-content\/uploads\/2025\/01\/cropped-Logo-Maresch-IT-720.jpg","width":596,"height":475,"caption":"Maresch IT-Dienstleistungen & Consulting"},"image":{"@id":"https:\/\/maresch-it.at\/#\/schema\/logo\/image\/"}}]}},"_links":{"self":[{"href":"https:\/\/maresch-it.at\/index.php?rest_route=\/wp\/v2\/pages\/608","targetHints":{"allow":["GET"]}}],"collection":[{"href":"https:\/\/maresch-it.at\/index.php?rest_route=\/wp\/v2\/pages"}],"about":[{"href":"https:\/\/maresch-it.at\/index.php?rest_route=\/wp\/v2\/types\/page"}],"author":[{"embeddable":true,"href":"https:\/\/maresch-it.at\/index.php?rest_route=\/wp\/v2\/users\/1"}],"replies":[{"embeddable":true,"href":"https:\/\/maresch-it.at\/index.php?rest_route=%2Fwp%2Fv2%2Fcomments&post=608"}],"version-history":[{"count":15,"href":"https:\/\/maresch-it.at\/index.php?rest_route=\/wp\/v2\/pages\/608\/revisions"}],"predecessor-version":[{"id":795,"href":"https:\/\/maresch-it.at\/index.php?rest_route=\/wp\/v2\/pages\/608\/revisions\/795"}],"up":[{"embeddable":true,"href":"https:\/\/maresch-it.at\/index.php?rest_route=\/wp\/v2\/pages\/17"}],"wp:attachment":[{"href":"https:\/\/maresch-it.at\/index.php?rest_route=%2Fwp%2Fv2%2Fmedia&parent=608"}],"curies":[{"name":"wp","href":"https:\/\/api.w.org\/{rel}","templated":true}]}}